{"id":149,"date":"2017-10-04T09:15:05","date_gmt":"2017-10-04T09:15:05","guid":{"rendered":"http:\/\/www.recantodalua.com\/novo\/?page_id=149"},"modified":"2024-03-06T13:21:38","modified_gmt":"2024-03-06T13:21:38","slug":"contato","status":"publish","type":"page","link":"http:\/\/recantodalua.com\/novo\/contato\/","title":{"rendered":"Contato"},"content":{"rendered":"<div class=\"wpb-content-wrapper\"><p>[vc_row full_width=&#8221;stretch_row_content_no_spaces&#8221; hide_bg_image_on_tablet=&#8221;&#8221; hide_bg_image_on_mobile=&#8221;&#8221;][vc_column][vc_single_image source=&#8221;external_link&#8221; external_img_size=&#8221;full&#8221; alignment=&#8221;center&#8221; custom_src=&#8221;https:\/\/recantodalua.com\/novo\/wp-content\/uploads\/2019\/08\/img-pagina-tour.jpg&#8221;][\/vc_column][\/vc_row][vc_row content_placement=&#8221;top&#8221; hide_bg_image_on_tablet=&#8221;&#8221; hide_bg_image_on_mobile=&#8221;&#8221;][vc_column]<div id=\"sc_title_1834823597\"\n\t\tclass=\"sc_title color_style_default sc_title_default  vc_custom_1565179480881\"><h3 class=\"sc_item_title sc_title_title sc_align_center sc_item_title_style_default sc_item_title_tag\">CONTATO<\/h3><\/div><!-- \/.sc_title -->[vc_empty_space height=&#8221;50px&#8221; alter_height=&#8221;medium&#8221; hide_on_desktop=&#8221;&#8221; hide_on_notebook=&#8221;&#8221; hide_on_tablet=&#8221;&#8221; hide_on_mobile=&#8221;&#8221;][vc_column_text el_id=&#8221;texto-acomodacao&#8221;]<\/p>\n<div align=\"justify\">\n<p><strong>Endere\u00e7o<\/strong>: Rua dos Ceamitas, 205 <span style=\"font-size: small;\">(Antiga Rua Santa B\u00e1rbara)<\/span><br \/>\nBairro Panorama &#8211; CEP 38412-602 &#8211; Uberl\u00e2ndia\/MG<br \/>\n<strong>Telefone<\/strong>: (34) 99111-1604<br \/>\n<strong>E-mail<\/strong>: contato@recantodalua.com<\/p>\n<\/div>\n<p>[\/vc_column_text][vc_empty_space height=&#8221;20px&#8221; alter_height=&#8221;medium&#8221; hide_on_desktop=&#8221;&#8221; hide_on_notebook=&#8221;&#8221; hide_on_tablet=&#8221;&#8221; hide_on_mobile=&#8221;&#8221;][vc_column_text]<\/p>\n<div align=\"justify\">\n<p>Seu contato \u00e9 muito importante para n\u00f3s. Preencha o formul\u00e1rio abaixo e envie sua mensagem, retornaremos o mais r\u00e1pido poss\u00edvel.<br \/>\nSe preferir, nos envie uma mensagem pela WhatsApp: <b>(34) 99111-1604<\/b>.<\/p>\n<\/div>\n<p>[\/vc_column_text][vc_empty_space height=&#8221;15px&#8221; alter_height=&#8221;medium&#8221; hide_on_desktop=&#8221;&#8221; hide_on_notebook=&#8221;&#8221; hide_on_tablet=&#8221;&#8221; hide_on_mobile=&#8221;&#8221;][vc_column_text]\n<div class=\"wpcf7 no-js\" id=\"wpcf7-f1511-o1\" lang=\"en-US\" dir=\"ltr\">\n<div class=\"screen-reader-response\"><p role=\"status\" aria-live=\"polite\" aria-atomic=\"true\"><\/p> <ul><\/ul><\/div>\n<form action=\"\/novo\/wp-json\/wp\/v2\/pages\/149#wpcf7-f1511-o1\" method=\"post\" class=\"wpcf7-form init\" aria-label=\"Contact form\" novalidate=\"novalidate\" data-status=\"init\">\n<div style=\"display: none;\">\n<input type=\"hidden\" name=\"_wpcf7\" value=\"1511\" \/>\n<input type=\"hidden\" name=\"_wpcf7_version\" value=\"5.9.8\" \/>\n<input type=\"hidden\" name=\"_wpcf7_locale\" value=\"en_US\" \/>\n<input type=\"hidden\" name=\"_wpcf7_unit_tag\" value=\"wpcf7-f1511-o1\" \/>\n<input type=\"hidden\" name=\"_wpcf7_container_post\" value=\"0\" \/>\n<input type=\"hidden\" name=\"_wpcf7_posted_data_hash\" value=\"\" \/>\n<input type=\"hidden\" name=\"_wpcf7_recaptcha_response\" value=\"\" \/>\n<\/div>\n<div class=\"columns_wrap\">\n\t<div class=\"column-1_2\">\n\t\t<p><span class=\"wpcf7-form-control-wrap\" data-name=\"your-name\"><input size=\"40\" maxlength=\"400\" class=\"wpcf7-form-control wpcf7-text wpcf7-validates-as-required\" aria-required=\"true\" aria-invalid=\"false\" placeholder=\"Nome\" value=\"\" type=\"text\" name=\"your-name\" \/><\/span>\n\t\t<\/p>\n\t<\/div>\n\t<div class=\"column-1_2\">\n\t\t<p><span class=\"wpcf7-form-control-wrap\" data-name=\"your-email\"><input size=\"40\" maxlength=\"400\" class=\"wpcf7-form-control wpcf7-email wpcf7-validates-as-required wpcf7-text wpcf7-validates-as-email\" aria-required=\"true\" aria-invalid=\"false\" placeholder=\"E-mail\" value=\"\" type=\"email\" name=\"your-email\" \/><\/span>\n\t\t<\/p>\n\t<\/div>\n<\/div>\n<div class=\"columns_wrap\">\n\t<div class=\"column-1_1\">\n\t\t<p><span class=\"wpcf7-form-control-wrap\" data-name=\"your-message\"><textarea cols=\"40\" rows=\"3\" maxlength=\"2000\" class=\"wpcf7-form-control wpcf7-textarea wpcf7-validates-as-required\" aria-required=\"true\" aria-invalid=\"false\" placeholder=\"Mensagem\" name=\"your-message\"><\/textarea><\/span>\n\t\t<\/p>\n\t<\/div>\n<\/div>\n<div class=\"column-1_1\">\n\n<\/div>\n<div class=\"columns_wrap sc_align_center\">\n\t<div class=\"column-1_1\">\n\t\t<p><input class=\"wpcf7-form-control wpcf7-submit has-spinner\" type=\"submit\" value=\"Enviar\" \/>\n\t\t<\/p>\n\t<\/div>\n<\/div><p style=\"display: none !important;\" class=\"akismet-fields-container\" data-prefix=\"_wpcf7_ak_\"><label>&#916;<textarea name=\"_wpcf7_ak_hp_textarea\" cols=\"45\" rows=\"8\" maxlength=\"100\"><\/textarea><\/label><input type=\"hidden\" id=\"ak_js_1\" name=\"_wpcf7_ak_js\" value=\"74\"\/><script>document.getElementById( \"ak_js_1\" ).setAttribute( \"value\", ( new Date() ).getTime() );<\/script><\/p><div class=\"wpcf7-response-output\" aria-hidden=\"true\"><\/div>\n<\/form>\n<\/div>\n[\/vc_column_text][vc_empty_space height=&#8221;100px&#8221; alter_height=&#8221;medium&#8221; hide_on_desktop=&#8221;&#8221; hide_on_notebook=&#8221;&#8221; hide_on_tablet=&#8221;&#8221; hide_on_mobile=&#8221;&#8221;][\/vc_column][vc_column][\/vc_column][\/vc_row][vc_row full_width=&#8221;stretch_row_content_no_spaces&#8221; hide_bg_image_on_tablet=&#8221;&#8221; hide_bg_image_on_mobile=&#8221;&#8221;][vc_column]<div id=\"sc_googlemap_1741061626_wrap\" class=\"sc_googlemap_wrap\"><div id=\"sc_googlemap_1741061626\"\n\t\t\tclass=\"sc_googlemap sc_googlemap_default\"\n\t\t\t style=\"width:100%;height:400px;\"\t\t\tdata-zoom=\"12\"\n\t\t\tdata-style=\"greyscale\"\n\t\t\tdata-cluster-icon=\"\"\n        ><iframe\n                    src=\"https:\/\/maps.google.com\/maps?t=m&output=embed&iwloc=near&z=12&q=Rua+dos+Ceamitas%2C+205+-+Panorama%2C+Uberl%C3%A2ndia+-+MG%2C+38412-602\"\n                    scrolling=\"no\"\n                    marginheight=\"0\"\n                    marginwidth=\"0\"\n                    frameborder=\"0\"\n                    aria-label=\"\"><\/iframe><\/div><\/div><!-- \/.sc_googlemap_wrap -->[\/vc_column][\/vc_row]<\/p>\n<\/div>","protected":false},"excerpt":{"rendered":"<p>[vc_row full_width=&#8221;stretch_row_content_no_spaces&#8221; hide_bg_image_on_tablet=&#8221;&#8221; hide_bg_image_on_mobile=&#8221;&#8221;][vc_column][vc_single_image source=&#8221;external_link&#8221; external_img_size=&#8221;full&#8221; alignment=&#8221;center&#8221; custom_src=&#8221;https:\/\/recantodalua.com\/novo\/wp-content\/uploads\/2019\/08\/img-pagina-tour.jpg&#8221;][\/vc_column][\/vc_row][vc_row content_placement=&#8221;top&#8221; hide_bg_image_on_tablet=&#8221;&#8221; hide_bg_image_on_mobile=&#8221;&#8221;][vc_column][vc_empty_space height=&#8221;50px&#8221; alter_height=&#8221;medium&#8221; hide_on_desktop=&#8221;&#8221; hide_on_notebook=&#8221;&#8221; hide_on_tablet=&#8221;&#8221; hide_on_mobile=&#8221;&#8221;][vc_column_text el_id=&#8221;texto-acomodacao&#8221;] Endere\u00e7o: Rua dos Ceamitas, 205 (Antiga Rua Santa B\u00e1rbara) Bairro Panorama &#8211;&hellip;<\/p>\n","protected":false},"author":1,"featured_media":0,"parent":0,"menu_order":0,"comment_status":"closed","ping_status":"closed","template":"","meta":{"_exactmetrics_skip_tracking":false,"_exactmetrics_sitenote_active":false,"_exactmetrics_sitenote_note":"","_exactmetrics_sitenote_category":0,"footnotes":""},"class_list":["post-149","page","type-page","status-publish","hentry"],"_links":{"self":[{"href":"http:\/\/recantodalua.com\/novo\/wp-json\/wp\/v2\/pages\/149","targetHints":{"allow":["GET"]}}],"collection":[{"href":"http:\/\/recantodalua.com\/novo\/wp-json\/wp\/v2\/pages"}],"about":[{"href":"http:\/\/recantodalua.com\/novo\/wp-json\/wp\/v2\/types\/page"}],"author":[{"embeddable":true,"href":"http:\/\/recantodalua.com\/novo\/wp-json\/wp\/v2\/users\/1"}],"replies":[{"embeddable":true,"href":"http:\/\/recantodalua.com\/novo\/wp-json\/wp\/v2\/comments?post=149"}],"version-history":[{"count":34,"href":"http:\/\/recantodalua.com\/novo\/wp-json\/wp\/v2\/pages\/149\/revisions"}],"predecessor-version":[{"id":2050,"href":"http:\/\/recantodalua.com\/novo\/wp-json\/wp\/v2\/pages\/149\/revisions\/2050"}],"wp:attachment":[{"href":"http:\/\/recantodalua.com\/novo\/wp-json\/wp\/v2\/media?parent=149"}],"curies":[{"name":"wp","href":"https:\/\/api.w.org\/{rel}","templated":true}]}}