{"id":1550,"date":"2019-07-23T22:18:47","date_gmt":"2019-07-23T22:18:47","guid":{"rendered":"http:\/\/www.recantodalua.com\/novo\/?page_id=1550"},"modified":"2024-03-06T13:17:13","modified_gmt":"2024-03-06T13:17:13","slug":"tour","status":"publish","type":"page","link":"http:\/\/recantodalua.com\/novo\/tour\/","title":{"rendered":"Tour 360\u00ba"},"content":{"rendered":"<div class=\"wpb-content-wrapper\"><p>[vc_row full_width=&#8221;stretch_row_content_no_spaces&#8221; hide_bg_image_on_tablet=&#8221;&#8221; hide_bg_image_on_mobile=&#8221;&#8221;][vc_column][vc_single_image source=&#8221;external_link&#8221; external_img_size=&#8221;full&#8221; alignment=&#8221;center&#8221; custom_src=&#8221;http:\/\/recantodalua.com\/novo\/wp-content\/uploads\/2019\/08\/img-pagina-tour2.jpg&#8221;][\/vc_column][\/vc_row][vc_row content_placement=&#8221;top&#8221; hide_bg_image_on_tablet=&#8221;&#8221; hide_bg_image_on_mobile=&#8221;&#8221;][vc_column]<div id=\"sc_title_2145376748\"\n\t\tclass=\"sc_title color_style_default sc_title_default  vc_custom_1565103802184\"><h3 class=\"sc_item_title sc_title_title sc_align_center sc_item_title_style_default sc_item_title_tag\">TOUR 360\u00ba<\/h3><\/div><!-- \/.sc_title -->[vc_empty_space height=&#8221;200px&#8221; alter_height=&#8221;medium&#8221; hide_on_desktop=&#8221;&#8221; hide_on_notebook=&#8221;&#8221; hide_on_tablet=&#8221;&#8221; hide_on_mobile=&#8221;&#8221;][vc_column_text el_id=&#8221;texto-acomodacao&#8221;]<\/p>\n<div align=\"justify\">\n<p>Fa\u00e7a um Tour Virtual 360\u00ba e conhe\u00e7a por completo a <strong>Ch\u00e1cara Recanto da Lua. <\/strong>Com o mouse, posicione a seta no local que deseja ver e clique para andar pelo espa\u00e7o, voc\u00ea pode dar zoom e tamb\u00e9m usar o menu do lado esquerdo para selecionar a foto e escolher o local desejado.<\/p>\n<p>Clique no &#8220;play&#8221; e escolha o nosso tour personalizado (diurno ou noturno) ou des\u00e7a e fa\u00e7a o tour pelo Google Maps.<\/p>\n<\/div>\n<p>[\/vc_column_text][vc_empty_space height=&#8221;100px&#8221; alter_height=&#8221;medium&#8221; hide_on_desktop=&#8221;&#8221; hide_on_notebook=&#8221;&#8221; hide_on_tablet=&#8221;&#8221; hide_on_mobile=&#8221;&#8221;][\/vc_column][vc_column][\/vc_column][\/vc_row][vc_row content_placement=&#8221;top&#8221; hide_bg_image_on_tablet=&#8221;&#8221; hide_bg_image_on_mobile=&#8221;&#8221;][vc_column width=&#8221;1\/2&#8243;]<div id=\"sc_title_199731163\"\n\t\tclass=\"sc_title color_style_default sc_title_default  vc_custom_1566684300958\"><h4 class=\"sc_item_title sc_title_title sc_align_center sc_item_title_style_default sc_item_title_tag\">Tour \/ Personalizado (Dia)<\/h4><\/div><!-- \/.sc_title -->[vc_raw_html]JTNDZGl2JTIwYWxpZ24lM0QlMjJjZW50ZXIlMjIlM0UlMEElNUJwYW5vJTIwZmlsZSUzRCUyMmh0dHBzJTNBJTJGJTJGd3d3LnJlY2FudG9kYWx1YS5jb20lMkZ0b3VyJTJGaW5kZXguaHRtbCUyMiU1RCUwQSUzQyUyRmRpdiUzRQ==[\/vc_raw_html][\/vc_column][vc_column width=&#8221;1\/2&#8243;][vc_empty_space height=&#8221;30px&#8221; alter_height=&#8221;medium&#8221; hide_on_desktop=&#8221;1&#8243; hide_on_notebook=&#8221;1&#8243; hide_on_tablet=&#8221;&#8221; hide_on_mobile=&#8221;&#8221;]<div id=\"sc_title_1740326222\"\n\t\tclass=\"sc_title color_style_default sc_title_default  vc_custom_1565104350593\"><h4 class=\"sc_item_title sc_title_title sc_align_center sc_item_title_style_default sc_item_title_tag\">Tour \/ Personalizado (Noite)<\/h4><\/div><!-- \/.sc_title -->[vc_raw_html]JTNDZGl2JTIwYWxpZ24lM0QlMjJjZW50ZXIlMjIlM0UlMEElNUJwYW5vJTIwZiUzRCUyMmh0dHBzJTNBJTJGJTJGd3d3LnJlY2FudG9kYWx1YS5jb20lMkZ0b3VyJTJGaW5kZXgtbm9pdGUuaHRtbCUyMiUyMHclM0QlMjI5MDAlMjIlMjBoJTNEJTIyNTAwJTIyJTVEJTBBJTNDJTJGZGl2JTNF[\/vc_raw_html][\/vc_column][\/vc_row][vc_row content_placement=&#8221;top&#8221; hide_bg_image_on_tablet=&#8221;&#8221; hide_bg_image_on_mobile=&#8221;&#8221;][vc_column][vc_empty_space height=&#8221;250px&#8221; alter_height=&#8221;medium&#8221; hide_on_desktop=&#8221;&#8221; hide_on_notebook=&#8221;&#8221; hide_on_tablet=&#8221;&#8221; hide_on_mobile=&#8221;&#8221;]<div id=\"sc_title_1529576422\"\n\t\tclass=\"sc_title color_style_default sc_title_default  vc_custom_1563922214532\"><h4 class=\"sc_item_title sc_title_title sc_align_center sc_item_title_style_default sc_item_title_tag\">Tour \/ Google<\/h4><\/div><!-- \/.sc_title -->[vc_raw_html]JTNDZGl2JTIwYWxpZ24lM0QlMjJjZW50ZXIlMjIlM0UlMEElM0NpZnJhbWUlMjBzcmMlM0QlMjJodHRwcyUzQSUyRiUyRnd3dy5nb29nbGUuY29tJTJGbWFwcyUyRmVtYmVkJTNGcGIlM0QlMjE0djE1NjM5MjEwNTE3MzklMjE2bTglMjExbTclMjExc0NBb1NMRUZHTVZGcGNFNVlRMHBEV1RWelRUWlZTbFZsTUhwU1gySTFNVEZoUlcxV1FtY3lRelpIVW5ORk9IQmslMjEybTIlMjExZC0xOC45NjY2NTE4JTIxMmQtNDguMzQ5NjE5MTIlMjEzZjI2MCUyMTRmMCUyMTVmMC43ODIwODY1OTc0NjI3NDY5JTIyJTIwd2lkdGglM0QlMjIxMDAlMjUlMjIlMjBoZWlnaHQlM0QlMjI0ODAlMjIlMjBmcmFtZWJvcmRlciUzRCUyMjAlMjIlMjBzdHlsZSUzRCUyMmJvcmRlciUzQTAlMjIlMjBhbGxvd2Z1bGxzY3JlZW4lM0UlM0MlMkZpZnJhbWUlM0UlMEElM0MlMkZkaXYlM0U=[\/vc_raw_html][vc_empty_space height=&#8221;100px&#8221; alter_height=&#8221;medium&#8221; hide_on_desktop=&#8221;&#8221; hide_on_notebook=&#8221;&#8221; hide_on_tablet=&#8221;&#8221; hide_on_mobile=&#8221;&#8221;][vc_raw_html]JTNDZGl2JTIwYWxpZ24lM0QlMjJjZW50ZXIlMjIlM0UlMEElM0NhJTIwaHJlZiUzRCUyMmh0dHBzJTNBJTJGJTJGcmFwaW5hMzYwLmNvbSUyMiUyMHRhcmdldCUzRCUyMl9ibGFuayUyMiUzRSUzQ2ltZyUyMHNyYyUzRCUyMmh0dHAlM0ElMkYlMkZ3d3cucmVjYW50b2RhbHVhLmNvbSUyRm5vdm8lMkZ3cC1jb250ZW50JTJGdXBsb2FkcyUyRjIwMTklMkYwOCUyRnRvdXItcmFwaW5hMzYwLXBxLnBuZyUyMiUyMGhlaWdodCUzRCUyMjE4OCUyMiUyMHdpZHRoJTNEJTIyMTI3JTIyJTNFJTBBJTNDJTJGYSUzRSUwQSUzQyUyRmRpdiUzRQ==[\/vc_raw_html][vc_empty_space height=&#8221;100px&#8221; alter_height=&#8221;medium&#8221; hide_on_desktop=&#8221;&#8221; hide_on_notebook=&#8221;&#8221; hide_on_tablet=&#8221;&#8221; hide_on_mobile=&#8221;&#8221;][\/vc_column][\/vc_row][vc_row][vc_column][vc_column_text]<\/p>\n<p>[\/vc_column_text][\/vc_column][\/vc_row][vc_row full_width=&#8221;stretch_row&#8221; hide_bg_image_on_tablet=&#8221;&#8221; hide_bg_image_on_mobile=&#8221;&#8221; css=&#8221;.vc_custom_1566008738804{background-image: url(http:\/\/www.recantodalua.com\/novo\/wp-content\/uploads\/2019\/08\/imagem-rodape-04.jpg?id=2338) !important;background-position: top left !important;background-repeat: no-repeat !important;background-size: cover !important;}&#8221;][vc_column][vc_empty_space height=&#8221;6em&#8221; alter_height=&#8221;none&#8221; hide_on_desktop=&#8221;&#8221; hide_on_notebook=&#8221;&#8221; hide_on_tablet=&#8221;&#8221; hide_on_mobile=&#8221;&#8221;][vc_empty_space height=&#8221;6em&#8221; alter_height=&#8221;none&#8221; hide_on_desktop=&#8221;&#8221; hide_on_notebook=&#8221;&#8221; hide_on_tablet=&#8221;1&#8243; hide_on_mobile=&#8221;1&#8243;]<div  id=\"sc_action_1949248927\" \n\tclass=\"sc_action color_style_default scheme_dark sc_action_default\"><div class=\"sc_action_content sc_item_content\"><div class=\"sc_action_item sc_action_item_default sc_action_item_ml\">\n\t\t\t<h6 class=\"sc_action_item_subtitle\"><span>Envie uma mensagem<\/span><\/h6><h3 class=\"sc_action_item_title\"><span><span class=\"sc_action_item_title_part\">Realize o seu sonho<\/span><\/span><span><span class=\"sc_action_item_title_part\"><\/span><\/span><span><span class=\"sc_action_item_title_part\">com qualidade e conforto<\/span><span class=\"sc_action_item_title_part\">.<\/span><\/span><\/h3><\/div><\/div><\/div><!-- \/.sc_action -->[vc_empty_space height=&#8221;2.5em&#8221; alter_height=&#8221;none&#8221; hide_on_desktop=&#8221;&#8221; hide_on_notebook=&#8221;&#8221; hide_on_tablet=&#8221;&#8221; hide_on_mobile=&#8221;&#8221;]<a href=\"\/novo\/contato\/\" id=\"sc_button_1406858814\" class=\"sc_button color_style_default sc_button_light sc_button_size_normal sc_button_icon_left\"><span class=\"sc_button_text sc_align_center\"><span class=\"sc_button_title\">ENTRE EM CONTATO<\/span><\/span><!-- \/.sc_button_text --><\/a><!-- \/.sc_button -->[vc_empty_space height=&#8221;6em&#8221; alter_height=&#8221;none&#8221; hide_on_desktop=&#8221;&#8221; hide_on_notebook=&#8221;&#8221; hide_on_tablet=&#8221;&#8221; hide_on_mobile=&#8221;&#8221;][vc_empty_space height=&#8221;6em&#8221; alter_height=&#8221;none&#8221; hide_on_desktop=&#8221;&#8221; hide_on_notebook=&#8221;&#8221; hide_on_tablet=&#8221;1&#8243; hide_on_mobile=&#8221;1&#8243;][\/vc_column][\/vc_row]<\/p>\n<\/div>","protected":false},"excerpt":{"rendered":"<p>[vc_row full_width=&#8221;stretch_row_content_no_spaces&#8221; hide_bg_image_on_tablet=&#8221;&#8221; hide_bg_image_on_mobile=&#8221;&#8221;][vc_column][vc_single_image source=&#8221;external_link&#8221; external_img_size=&#8221;full&#8221; alignment=&#8221;center&#8221; custom_src=&#8221;http:\/\/recantodalua.com\/novo\/wp-content\/uploads\/2019\/08\/img-pagina-tour2.jpg&#8221;][\/vc_column][\/vc_row][vc_row content_placement=&#8221;top&#8221; hide_bg_image_on_tablet=&#8221;&#8221; hide_bg_image_on_mobile=&#8221;&#8221;][vc_column][vc_empty_space height=&#8221;200px&#8221; alter_height=&#8221;medium&#8221; hide_on_desktop=&#8221;&#8221; hide_on_notebook=&#8221;&#8221; hide_on_tablet=&#8221;&#8221; hide_on_mobile=&#8221;&#8221;][vc_column_text el_id=&#8221;texto-acomodacao&#8221;] Fa\u00e7a um Tour Virtual 360\u00ba e conhe\u00e7a por completo a Ch\u00e1cara Recanto&hellip;<\/p>\n","protected":false},"author":1,"featured_media":0,"parent":0,"menu_order":0,"comment_status":"closed","ping_status":"closed","template":"","meta":{"_exactmetrics_skip_tracking":false,"_exactmetrics_sitenote_active":false,"_exactmetrics_sitenote_note":"","_exactmetrics_sitenote_category":0,"footnotes":""},"class_list":["post-1550","page","type-page","status-publish","hentry"],"_links":{"self":[{"href":"http:\/\/recantodalua.com\/novo\/wp-json\/wp\/v2\/pages\/1550","targetHints":{"allow":["GET"]}}],"collection":[{"href":"http:\/\/recantodalua.com\/novo\/wp-json\/wp\/v2\/pages"}],"about":[{"href":"http:\/\/recantodalua.com\/novo\/wp-json\/wp\/v2\/types\/page"}],"author":[{"embeddable":true,"href":"http:\/\/recantodalua.com\/novo\/wp-json\/wp\/v2\/users\/1"}],"replies":[{"embeddable":true,"href":"http:\/\/recantodalua.com\/novo\/wp-json\/wp\/v2\/comments?post=1550"}],"version-history":[{"count":57,"href":"http:\/\/recantodalua.com\/novo\/wp-json\/wp\/v2\/pages\/1550\/revisions"}],"predecessor-version":[{"id":2797,"href":"http:\/\/recantodalua.com\/novo\/wp-json\/wp\/v2\/pages\/1550\/revisions\/2797"}],"wp:attachment":[{"href":"http:\/\/recantodalua.com\/novo\/wp-json\/wp\/v2\/media?parent=1550"}],"curies":[{"name":"wp","href":"https:\/\/api.w.org\/{rel}","templated":true}]}}