{"id":258,"date":"2017-10-05T09:43:01","date_gmt":"2017-10-05T09:43:01","guid":{"rendered":"http:\/\/www.recantodalua.com\/novo\/?page_id=258"},"modified":"2024-03-06T13:15:24","modified_gmt":"2024-03-06T13:15:24","slug":"sobrenos","status":"publish","type":"page","link":"http:\/\/recantodalua.com\/novo\/sobrenos\/","title":{"rendered":"Sobre N\u00f3s"},"content":{"rendered":"<div class=\"wpb-content-wrapper\"><p>[vc_row full_width=&#8221;stretch_row_content_no_spaces&#8221; hide_bg_image_on_tablet=&#8221;&#8221; hide_bg_image_on_mobile=&#8221;&#8221;][vc_column][vc_single_image source=&#8221;external_link&#8221; external_img_size=&#8221;full&#8221; alignment=&#8221;center&#8221; custom_src=&#8221;https:\/\/recantodalua.com\/novo\/wp-content\/uploads\/2019\/08\/img-pagina-tour.jpg&#8221;][\/vc_column][\/vc_row][vc_row content_placement=&#8221;top&#8221; hide_bg_image_on_tablet=&#8221;&#8221; hide_bg_image_on_mobile=&#8221;&#8221;][vc_column]<div id=\"sc_title_407245576\"\n\t\tclass=\"sc_title color_style_default sc_title_default  vc_custom_1565189108768\"><h3 class=\"sc_item_title sc_title_title sc_align_center sc_item_title_style_default sc_item_title_tag\">SOBRE N\u00d3S<\/h3><\/div><!-- \/.sc_title -->[vc_empty_space height=&#8221;200px&#8221; alter_height=&#8221;medium&#8221; hide_on_desktop=&#8221;&#8221; hide_on_notebook=&#8221;&#8221; hide_on_tablet=&#8221;&#8221; hide_on_mobile=&#8221;&#8221;][vc_column_text el_id=&#8221;texto-acomodacao&#8221;]<\/p>\n<div align=\"justify\">\n<p>A Ch\u00e1cara Recanto da Lua, antiga Jardim do Cerrado, j\u00e1 possui 5 anos realizando sonhos. A Recanto da Lua \u00e9 uma ch\u00e1cara para casamento no campo, eventos sociais e empresariais, localizada em um lindo bairro a 20 minutos do centro de Uberl\u00e2ndia\/MG. Aqui sua cerim\u00f4nia, festa ou confraterniza\u00e7\u00e3o s\u00e3o feitos do seu jeito. De anivers\u00e1rios e debutantes a eventos corporativos, de comemora\u00e7\u00f5es a bodas, de mini-weddings a casamentos com todos os seus convidados\u2026 \u00e9 voc\u00ea que escolhe a melhor op\u00e7\u00e3o!<\/p>\n<\/div>\n<p>[\/vc_column_text][vc_empty_space height=&#8221;100px&#8221; alter_height=&#8221;small&#8221; hide_on_desktop=&#8221;&#8221; hide_on_notebook=&#8221;&#8221; hide_on_tablet=&#8221;&#8221; hide_on_mobile=&#8221;&#8221;]<div id=\"pacotes\"\n\t\tclass=\"sc_title color_style_default sc_title_default  vc_custom_1566095621001\"><h3 class=\"sc_item_title sc_title_title sc_align_center sc_item_title_style_default sc_item_title_tag\">PACOTES<\/h3><\/div><!-- \/.sc_title -->[vc_empty_space height=&#8221;200px&#8221; alter_height=&#8221;medium&#8221; hide_on_desktop=&#8221;&#8221; hide_on_notebook=&#8221;&#8221; hide_on_tablet=&#8221;&#8221; hide_on_mobile=&#8221;&#8221;][vc_column_text]<\/p>\n<div align=\"justify\">\n<p>Com o intuito de atender todos os tipos de clientes e realizar eventos independente do seu porte, a Ch\u00e1cara Recanto da Lua possui <strong>4 tipos de pacotes<\/strong> para sua escolha. Opte pela op\u00e7\u00e3o que comporte, atenda o seu evento e que caiba no seu bolso!<\/p>\n<p>Al\u00e9m dos pacotes trabalhamos tamb\u00e9m com duas modalidades de aluguel: di\u00e1ria e final de semana.<br \/>\nO <strong>final de semana<\/strong> contempla de sexta-feira das 08:00 at\u00e9 a segunda-feira ao 12:00.<br \/>\nA <strong>di\u00e1ria<\/strong>\u00a0contempla do dia escolhido iniciando \u00e0s 08:00 e terminando no pr\u00f3ximo dia ao 12:00.<\/p>\n<p>* Para a op\u00e7\u00e3o de di\u00e1ria ser\u00e1 cobrado um cau\u00e7\u00e3o de R$ 1.000,00 que ser\u00e1 devolvido ap\u00f3s o evento.<\/p>\n<\/div>\n<p>[\/vc_column_text][vc_empty_space height=&#8221;200px&#8221; alter_height=&#8221;medium&#8221; hide_on_desktop=&#8221;&#8221; hide_on_notebook=&#8221;&#8221; hide_on_tablet=&#8221;&#8221; hide_on_mobile=&#8221;&#8221;][\/vc_column][vc_column][vc_column_text]<\/p>\n<div align=\"center\">\n<h5>CONHE\u00c7A OS NOSSOS PACOTES<\/h5>\n<\/div>\n<p>[\/vc_column_text][vc_empty_space height=&#8221;20px&#8221; alter_height=&#8221;medium&#8221; hide_on_desktop=&#8221;&#8221; hide_on_notebook=&#8221;&#8221; hide_on_tablet=&#8221;&#8221; hide_on_mobile=&#8221;&#8221;][vc_row_inner][vc_column_inner width=&#8221;1\/2&#8243;][vc_single_image source=&#8221;external_link&#8221; external_img_size=&#8221;full&#8221; alignment=&#8221;center&#8221; custom_src=&#8221;https:\/\/recantodalua.com\/novo\/wp-content\/uploads\/2019\/08\/pacotes-chacara-salao-acomo.jpg&#8221;][\/vc_column_inner][vc_column_inner width=&#8221;1\/2&#8243;][vc_empty_space height=&#8221;20px&#8221; hide_on_desktop=&#8221;&#8221; hide_on_notebook=&#8221;&#8221; hide_on_tablet=&#8221;&#8221; hide_on_mobile=&#8221;&#8221;][vc_column_text]<\/p>\n<h6 class=\"sc_item_subtitle sc_promo_subtitle sc_align_left sc_item_title_style_default\">PACOTE I (COMPLETO)<\/h6>\n<h3 class=\"sc_item_title sc_promo_title sc_align_left sc_item_title_style_default\">Ch\u00e1cara + Acomoda\u00e7\u00f5es<br \/>\n+ Sal\u00e3o de Festas<\/h3>\n<p>[\/vc_column_text][vc_empty_space height=&#8221;20px&#8221; hide_on_desktop=&#8221;&#8221; hide_on_notebook=&#8221;&#8221; hide_on_tablet=&#8221;&#8221; hide_on_mobile=&#8221;&#8221;][vc_column_text]<\/p>\n<div align=\"justify\">Normalmente \u00e9 escolhido para eventos de m\u00e9dio\/grande porte e quando o locat\u00e1rio prefere tranquilidade na organiza\u00e7\u00e3o do seu evento. Este pacote \u00e9 o mais completo da Ch\u00e1cara Recanto da Lua, possibilitando acesso a todo o nosso espa\u00e7o.<\/div>\n<p>[\/vc_column_text][\/vc_column_inner][\/vc_row_inner][vc_empty_space height=&#8221;20px&#8221; alter_height=&#8221;medium&#8221; hide_on_desktop=&#8221;&#8221; hide_on_notebook=&#8221;&#8221; hide_on_tablet=&#8221;&#8221; hide_on_mobile=&#8221;&#8221;][vc_row_inner][vc_column_inner width=&#8221;1\/2&#8243;][vc_empty_space height=&#8221;20px&#8221; alter_height=&#8221;large&#8221; hide_on_desktop=&#8221;1&#8243; hide_on_notebook=&#8221;1&#8243; hide_on_tablet=&#8221;1&#8243; hide_on_mobile=&#8221;&#8221;][vc_empty_space height=&#8221;20px&#8221; hide_on_desktop=&#8221;&#8221; hide_on_notebook=&#8221;&#8221; hide_on_tablet=&#8221;&#8221; hide_on_mobile=&#8221;&#8221;][vc_column_text]<\/p>\n<h6 class=\"sc_item_subtitle sc_promo_subtitle sc_align_left sc_item_title_style_default\">PACOTE II<\/h6>\n<h3 class=\"sc_item_title sc_promo_title sc_align_left sc_item_title_style_default\">Ch\u00e1cara<br \/>\n+ Sal\u00e3o de Festas<\/h3>\n<p>[\/vc_column_text][vc_empty_space height=&#8221;20px&#8221; hide_on_desktop=&#8221;&#8221; hide_on_notebook=&#8221;&#8221; hide_on_tablet=&#8221;&#8221; hide_on_mobile=&#8221;&#8221;][vc_column_text]<\/p>\n<div align=\"justify\">Ideal para quem sabe o que quer: todo o verde da Ch\u00e1cara Recanto da Lua em conjunto com um sal\u00e3o de festas que comporta 230 pessoas sentadas (com mesa de 8 lugares, pista de dan\u00e7a e buffet), somados com o quiosque que suporta at\u00e9 150 pessoas sentadas. 50 carros bem estacionados e ampla \u00e1rea verde, piscina e o melhor que podemos oferecer!<\/div>\n<p>[\/vc_column_text][\/vc_column_inner][vc_column_inner width=&#8221;1\/2&#8243;][vc_single_image source=&#8221;external_link&#8221; external_img_size=&#8221;full&#8221; alignment=&#8221;center&#8221; custom_src=&#8221;https:\/\/recantodalua.com\/novo\/wp-content\/uploads\/2019\/08\/pacotes-chacara-salao.jpg&#8221;][\/vc_column_inner][\/vc_row_inner][vc_empty_space height=&#8221;20px&#8221; alter_height=&#8221;medium&#8221; hide_on_desktop=&#8221;&#8221; hide_on_notebook=&#8221;&#8221; hide_on_tablet=&#8221;&#8221; hide_on_mobile=&#8221;&#8221;][vc_row_inner][vc_column_inner width=&#8221;1\/2&#8243;][vc_empty_space height=&#8221;30px&#8221; alter_height=&#8221;large&#8221; hide_on_desktop=&#8221;1&#8243; hide_on_notebook=&#8221;1&#8243; hide_on_tablet=&#8221;1&#8243; hide_on_mobile=&#8221;&#8221;][vc_single_image source=&#8221;external_link&#8221; external_img_size=&#8221;full&#8221; alignment=&#8221;center&#8221; custom_src=&#8221;https:\/\/recantodalua.com\/novo\/wp-content\/uploads\/2019\/08\/pacotes-chacara-acomo.jpg&#8221;][\/vc_column_inner][vc_column_inner width=&#8221;1\/2&#8243;][vc_empty_space height=&#8221;20px&#8221; hide_on_desktop=&#8221;&#8221; hide_on_notebook=&#8221;&#8221; hide_on_tablet=&#8221;&#8221; hide_on_mobile=&#8221;&#8221;][vc_column_text]<\/p>\n<h6 class=\"sc_item_subtitle sc_promo_subtitle sc_align_left sc_item_title_style_default\">PACOTE III<\/h6>\n<h3 class=\"sc_item_title sc_promo_title sc_align_left sc_item_title_style_default\">Ch\u00e1cara +<br \/>\nAcomoda\u00e7\u00f5es<\/h3>\n<p>[\/vc_column_text][vc_empty_space height=&#8221;20px&#8221; hide_on_desktop=&#8221;&#8221; hide_on_notebook=&#8221;&#8221; hide_on_tablet=&#8221;&#8221; hide_on_mobile=&#8221;&#8221;][vc_column_text]<\/p>\n<div align=\"justify\">Perfeito para eventos de pequeno\/m\u00e9dio porte, ou um final de semana de repouso, voc\u00ea escolhe. Vai formar e precisa de um local para hospedar os seus familiares?<\/div>\n<div align=\"justify\"><\/div>\n<div align=\"justify\"><strong>Acomodamos 28 pessoas<\/strong>, sendo: 2 varandas, 6 quartos (4 su\u00edtes), 6 banheiros, 2 cozinhas completas (geladeiras, fog\u00f5es e microondas). <strong>Totalizando<\/strong>: 2 camas de casais e 12 beliches.<\/div>\n<p>[\/vc_column_text][\/vc_column_inner][\/vc_row_inner][vc_empty_space height=&#8221;20px&#8221; alter_height=&#8221;medium&#8221; hide_on_desktop=&#8221;&#8221; hide_on_notebook=&#8221;&#8221; hide_on_tablet=&#8221;&#8221; hide_on_mobile=&#8221;&#8221;][vc_row_inner][vc_column_inner width=&#8221;1\/2&#8243;][vc_empty_space height=&#8221;20px&#8221; alter_height=&#8221;large&#8221; hide_on_desktop=&#8221;1&#8243; hide_on_notebook=&#8221;1&#8243; hide_on_tablet=&#8221;1&#8243; hide_on_mobile=&#8221;&#8221;][vc_empty_space height=&#8221;20px&#8221; hide_on_desktop=&#8221;&#8221; hide_on_notebook=&#8221;&#8221; hide_on_tablet=&#8221;&#8221; hide_on_mobile=&#8221;&#8221;][vc_column_text]<\/p>\n<h6 class=\"sc_item_subtitle sc_promo_subtitle sc_align_left sc_item_title_style_default\">PACOTE IV (SIMPLES)<\/h6>\n<h3 class=\"sc_item_title sc_promo_title sc_align_left sc_item_title_style_default\">Ch\u00e1cara<br \/>\nRecanto da Lua<\/h3>\n<p>[\/vc_column_text][vc_empty_space height=&#8221;20px&#8221; hide_on_desktop=&#8221;&#8221; hide_on_notebook=&#8221;&#8221; hide_on_tablet=&#8221;&#8221; hide_on_mobile=&#8221;&#8221;][vc_column_text]<\/p>\n<div align=\"justify\">Quer realizar um mini-weeding ou uma confraterniza\u00e7\u00e3o para sua empresa? Este pacote \u00e9 perfeito e cabe no seu bolso! A Ch\u00e1cara Recanto da Lua possui 5.000m\u00b2 e comporta mais 50 ve\u00edculos em seu estacionamento interno, extensa \u00e1rea verde para eventos em local aberto. Conta tamb\u00e9m com o quiosque, cozinha completa e churrasqueira para um belo evento com seus convidados.<\/div>\n<p>[\/vc_column_text][\/vc_column_inner][vc_column_inner width=&#8221;1\/2&#8243;][vc_single_image source=&#8221;external_link&#8221; external_img_size=&#8221;full&#8221; alignment=&#8221;center&#8221; custom_src=&#8221;http:\/\/recantodalua.com\/novo\/wp-content\/uploads\/2019\/08\/pacotes-chacara.jpg&#8221;][\/vc_column_inner][\/vc_row_inner][vc_empty_space height=&#8221;50px&#8221; alter_height=&#8221;medium&#8221; hide_on_desktop=&#8221;&#8221; hide_on_notebook=&#8221;&#8221; hide_on_tablet=&#8221;&#8221; hide_on_mobile=&#8221;&#8221;][\/vc_column][\/vc_row][vc_row full_width=&#8221;stretch_row&#8221; hide_bg_image_on_tablet=&#8221;&#8221; hide_bg_image_on_mobile=&#8221;&#8221; css=&#8221;.vc_custom_1566006212674{background-image: url(http:\/\/www.recantodalua.com\/novo\/wp-content\/uploads\/2019\/08\/imagem-rodape-01.jpg?id=2319) !important;background-position: top left !important;background-repeat: no-repeat !important;background-size: cover !important;}&#8221;][vc_column][vc_empty_space height=&#8221;6em&#8221; alter_height=&#8221;none&#8221; hide_on_desktop=&#8221;&#8221; hide_on_notebook=&#8221;&#8221; hide_on_tablet=&#8221;&#8221; hide_on_mobile=&#8221;&#8221;][vc_empty_space height=&#8221;6em&#8221; alter_height=&#8221;none&#8221; hide_on_desktop=&#8221;&#8221; hide_on_notebook=&#8221;&#8221; hide_on_tablet=&#8221;1&#8243; hide_on_mobile=&#8221;1&#8243;]<div  id=\"sc_action_653158628\" \n\tclass=\"sc_action color_style_default scheme_dark sc_action_default\"><div class=\"sc_action_content sc_item_content\"><div class=\"sc_action_item sc_action_item_default sc_action_item_ml\">\n\t\t\t<h6 class=\"sc_action_item_subtitle\"><span>Sua felicidade \u00e9 o que importa<\/span><\/h6><h3 class=\"sc_action_item_title\"><span><span class=\"sc_action_item_title_part\">Realize o seu sonho<\/span><\/span><span><span class=\"sc_action_item_title_part\"><\/span><\/span><span><span class=\"sc_action_item_title_part\">com qualidade e conforto<\/span><span class=\"sc_action_item_title_part\">.<\/span><\/span><\/h3><\/div><\/div><\/div><!-- \/.sc_action -->[vc_empty_space height=&#8221;2.5em&#8221; alter_height=&#8221;none&#8221; hide_on_desktop=&#8221;&#8221; hide_on_notebook=&#8221;&#8221; hide_on_tablet=&#8221;&#8221; hide_on_mobile=&#8221;&#8221;]<a href=\"\/novo\/nosso-espaco\/\" id=\"sc_button_975196144\" class=\"sc_button color_style_default sc_button_light sc_button_size_normal sc_button_icon_left\"><span class=\"sc_button_text sc_align_center\"><span class=\"sc_button_title\">CONHE\u00c7A NOSSO ESPA\u00c7O<\/span><\/span><!-- \/.sc_button_text --><\/a><!-- \/.sc_button -->[vc_empty_space height=&#8221;6em&#8221; alter_height=&#8221;none&#8221; hide_on_desktop=&#8221;&#8221; hide_on_notebook=&#8221;&#8221; hide_on_tablet=&#8221;&#8221; hide_on_mobile=&#8221;&#8221;][vc_empty_space height=&#8221;6em&#8221; alter_height=&#8221;none&#8221; hide_on_desktop=&#8221;&#8221; hide_on_notebook=&#8221;&#8221; hide_on_tablet=&#8221;1&#8243; hide_on_mobile=&#8221;1&#8243;][\/vc_column][\/vc_row]<\/p>\n<\/div>","protected":false},"excerpt":{"rendered":"<p>[vc_row full_width=&#8221;stretch_row_content_no_spaces&#8221; hide_bg_image_on_tablet=&#8221;&#8221; hide_bg_image_on_mobile=&#8221;&#8221;][vc_column][vc_single_image source=&#8221;external_link&#8221; external_img_size=&#8221;full&#8221; alignment=&#8221;center&#8221; custom_src=&#8221;https:\/\/recantodalua.com\/novo\/wp-content\/uploads\/2019\/08\/img-pagina-tour.jpg&#8221;][\/vc_column][\/vc_row][vc_row content_placement=&#8221;top&#8221; hide_bg_image_on_tablet=&#8221;&#8221; hide_bg_image_on_mobile=&#8221;&#8221;][vc_column][vc_empty_space height=&#8221;200px&#8221; alter_height=&#8221;medium&#8221; hide_on_desktop=&#8221;&#8221; hide_on_notebook=&#8221;&#8221; hide_on_tablet=&#8221;&#8221; hide_on_mobile=&#8221;&#8221;][vc_column_text el_id=&#8221;texto-acomodacao&#8221;] A Ch\u00e1cara Recanto da Lua, antiga Jardim do Cerrado, j\u00e1 possui 5&hellip;<\/p>\n","protected":false},"author":1,"featured_media":0,"parent":0,"menu_order":0,"comment_status":"closed","ping_status":"closed","template":"","meta":{"_exactmetrics_skip_tracking":false,"_exactmetrics_sitenote_active":false,"_exactmetrics_sitenote_note":"","_exactmetrics_sitenote_category":0,"footnotes":""},"class_list":["post-258","page","type-page","status-publish","hentry"],"_links":{"self":[{"href":"http:\/\/recantodalua.com\/novo\/wp-json\/wp\/v2\/pages\/258","targetHints":{"allow":["GET"]}}],"collection":[{"href":"http:\/\/recantodalua.com\/novo\/wp-json\/wp\/v2\/pages"}],"about":[{"href":"http:\/\/recantodalua.com\/novo\/wp-json\/wp\/v2\/types\/page"}],"author":[{"embeddable":true,"href":"http:\/\/recantodalua.com\/novo\/wp-json\/wp\/v2\/users\/1"}],"replies":[{"embeddable":true,"href":"http:\/\/recantodalua.com\/novo\/wp-json\/wp\/v2\/comments?post=258"}],"version-history":[{"count":90,"href":"http:\/\/recantodalua.com\/novo\/wp-json\/wp\/v2\/pages\/258\/revisions"}],"predecessor-version":[{"id":2795,"href":"http:\/\/recantodalua.com\/novo\/wp-json\/wp\/v2\/pages\/258\/revisions\/2795"}],"wp:attachment":[{"href":"http:\/\/recantodalua.com\/novo\/wp-json\/wp\/v2\/media?parent=258"}],"curies":[{"name":"wp","href":"https:\/\/api.w.org\/{rel}","templated":true}]}}